{"id":100,"date":"2018-11-26T15:59:51","date_gmt":"2018-11-26T14:59:51","guid":{"rendered":"http:\/\/test.gruene-holzwickede.de\/?page_id=100"},"modified":"2025-03-30T12:45:06","modified_gmt":"2025-03-30T10:45:06","slug":"mitglied-werden","status":"publish","type":"page","link":"https:\/\/gruene-holzwickede.de\/?page_id=100","title":{"rendered":"Mitglied werden"},"content":{"rendered":"\n<p>M\u00f6chtest auch Du unsere Arbeit in Holzwickede unterst\u00fctzen, hei\u00dfen wir Dich herzlich willkommen. Als Mitglied der Partei B\u00dcNDNIS 90\/DIE GR\u00dcNEN Ortsverband Holzwickede hast Du die M\u00f6glichkeit, Dich aktiv mit einzubringen und Dich zum Wohl unserer Gemeinde einzusetzen.<\/p>\n\n\n\n<p>Den <a rel=\"noreferrer noopener\" aria-label=\"M\u00f6chten auch Sie Mitglied bei uns werden, k\u00f6nnen Sie hier den Aufnahmeantrag herunterladen oder direkt online ausf\u00fcllen.  (\u00f6ffnet in neuem Tab)\" href=\"http:\/\/test.gruene-holzwickede.de\/wp-content\/uploads\/2018\/12\/Mitgliedsantrag_GRUENE.pdf\" target=\"_blank\">Aufnahmeantrag <\/a> kannst Du gleich hier herunterladen und diesen an unsere Gesch\u00e4ftsstelle weiterleiten.<br><\/p>\n\n\n\n<p>Ausgef\u00fcllte Aufnahmeantr\u00e4ge bitte an:<\/p>\n\n\n\n<p>B\u00fcndnis 90\/DIE GR\u00dcNEN Ortsverband Holzwickede<br><strong>Ulrike D\u00fcrholt<\/strong><\/p>\n\n\n\n<p>Melchiorstr. 4<br>59439 Holzwickede<br>Tel.: 02301 &#8211; 14 269<br>M: 160 &#8211; 90 34 12 36<br><a href=\"#\" data-unscramble=\"ed.nwot-iwoh@ekirlu\">ulrike@howi-town.de<\/a><\/p>\n\n\n\n<p>Alternativ steht ein <a href=\"https:\/\/www.gruene.de\/ueber-uns\/jetzt-mitglied-werden.html?pk_campaign=mitglied-m-mitmachen\">Online-Antrag<\/a> der Bundesgesch\u00e4ftsstelle bereit, der bequem von zuhause aus oder unterwegs ausgef\u00fcllt werden kann.<br><\/p>\n\n\n\n<p><br><\/p>\n\n\n\n<p><br><\/p>\n","protected":false},"excerpt":{"rendered":"<p>M\u00f6chtest auch Du unsere Arbeit in Holzwickede unterst\u00fctzen, hei\u00dfen wir Dich herzlich willkommen. Als Mitglied der Partei B\u00dcNDNIS 90\/DIE GR\u00dcNEN Ortsverband Holzwickede hast Du die M\u00f6glichkeit, Dich aktiv mit einzubringen [&hellip;]<\/p>\n","protected":false},"author":2,"featured_media":0,"parent":97,"menu_order":0,"comment_status":"closed","ping_status":"closed","template":"","meta":{"footnotes":""},"class_list":["post-100","page","type-page","status-publish","hentry"],"_links":{"self":[{"href":"https:\/\/gruene-holzwickede.de\/index.php?rest_route=\/wp\/v2\/pages\/100","targetHints":{"allow":["GET"]}}],"collection":[{"href":"https:\/\/gruene-holzwickede.de\/index.php?rest_route=\/wp\/v2\/pages"}],"about":[{"href":"https:\/\/gruene-holzwickede.de\/index.php?rest_route=\/wp\/v2\/types\/page"}],"author":[{"embeddable":true,"href":"https:\/\/gruene-holzwickede.de\/index.php?rest_route=\/wp\/v2\/users\/2"}],"replies":[{"embeddable":true,"href":"https:\/\/gruene-holzwickede.de\/index.php?rest_route=%2Fwp%2Fv2%2Fcomments&post=100"}],"version-history":[{"count":12,"href":"https:\/\/gruene-holzwickede.de\/index.php?rest_route=\/wp\/v2\/pages\/100\/revisions"}],"predecessor-version":[{"id":1378,"href":"https:\/\/gruene-holzwickede.de\/index.php?rest_route=\/wp\/v2\/pages\/100\/revisions\/1378"}],"up":[{"embeddable":true,"href":"https:\/\/gruene-holzwickede.de\/index.php?rest_route=\/wp\/v2\/pages\/97"}],"wp:attachment":[{"href":"https:\/\/gruene-holzwickede.de\/index.php?rest_route=%2Fwp%2Fv2%2Fmedia&parent=100"}],"curies":[{"name":"wp","href":"https:\/\/api.w.org\/{rel}","templated":true}]}}