{"id":117,"date":"2018-12-12T14:05:08","date_gmt":"2018-12-12T13:05:08","guid":{"rendered":"http:\/\/test.gruene-holzwickede.de\/?page_id=117"},"modified":"2026-04-04T09:49:05","modified_gmt":"2026-04-04T07:49:05","slug":"fraktion","status":"publish","type":"page","link":"https:\/\/gruene-holzwickede.de\/?page_id=117","title":{"rendered":"Fraktion"},"content":{"rendered":"\n<div style=\"height:20px\" aria-hidden=\"true\" class=\"wp-block-spacer\"><\/div>\n\n\n\n<div class=\"wp-block-media-text alignwide\" style=\"grid-template-columns:15% auto\"><figure class=\"wp-block-media-text__media\"><img loading=\"lazy\" decoding=\"async\" width=\"800\" height=\"1200\" src=\"https:\/\/gruene-holzwickede.de\/wp-content\/uploads\/2026\/02\/DSCF3971-800x1200.jpg\" alt=\"\" class=\"wp-image-1454 size-full\" srcset=\"https:\/\/gruene-holzwickede.de\/wp-content\/uploads\/2026\/02\/DSCF3971-800x1200.jpg 800w, https:\/\/gruene-holzwickede.de\/wp-content\/uploads\/2026\/02\/DSCF3971-400x600.jpg 400w, https:\/\/gruene-holzwickede.de\/wp-content\/uploads\/2026\/02\/DSCF3971-768x1152.jpg 768w, https:\/\/gruene-holzwickede.de\/wp-content\/uploads\/2026\/02\/DSCF3971-1024x1536.jpg 1024w, https:\/\/gruene-holzwickede.de\/wp-content\/uploads\/2026\/02\/DSCF3971-1365x2048.jpg 1365w, https:\/\/gruene-holzwickede.de\/wp-content\/uploads\/2026\/02\/DSCF3971-scaled.jpg 1707w\" sizes=\"auto, (max-width: 800px) 100vw, 800px\" \/><\/figure><div class=\"wp-block-media-text__content\">\n<h2 class=\"wp-block-heading\">Susanne Werbinsky<\/h2>\n\n\n\n<p><strong>Fraktionsvorsitzende, Ratsmitglied<\/strong><\/p>\n\n\n\n<p>Mail: s.werbinsky@gruene-holzwickede.de<\/p>\n\n\n\n<p>Tel.: 0173 &#8211; 6092691<\/p>\n\n\n\n<p>Ausschussmitglied im Haut &#8211; Finanz und Personalausschuss HFPA und Rechnungspr\u00fcfungsausschuss RPA<\/p>\n\n\n\n<p>Vertreten in folgenden Gremien: Sparkassenzweckverband des Kreises Unna, der Kreisstadt Kamen und der Gemeinde Holzwickede, Verwaltungsrat<\/p>\n\n\n\n<p>Energienetzte Holzwickede GmbH, Aufsichtsrat  <\/p>\n\n\n\n<p>St\u00e4dte und Gemeindebund NRW (StGB)<\/p>\n\n\n\n<p>Zukunftsparlament <\/p>\n\n\n\n<p>AK Sportst\u00e4ttenentwicklung<\/p>\n<\/div><\/div>\n\n\n\n<div style=\"height:20px\" aria-hidden=\"true\" class=\"wp-block-spacer\"><\/div>\n\n\n\n<hr class=\"wp-block-separator has-css-opacity\"\/>\n\n\n\n<div style=\"height:20px\" aria-hidden=\"true\" class=\"wp-block-spacer\"><\/div>\n\n\n\n<div class=\"wp-block-media-text alignwide\" style=\"grid-template-columns:15% auto\"><figure class=\"wp-block-media-text__media\"><img loading=\"lazy\" decoding=\"async\" width=\"800\" height=\"1200\" src=\"https:\/\/gruene-holzwickede.de\/wp-content\/uploads\/2026\/02\/Foto_Ulrike-800x1200.jpg\" alt=\"\" class=\"wp-image-1475 size-full\" srcset=\"https:\/\/gruene-holzwickede.de\/wp-content\/uploads\/2026\/02\/Foto_Ulrike-800x1200.jpg 800w, https:\/\/gruene-holzwickede.de\/wp-content\/uploads\/2026\/02\/Foto_Ulrike-400x600.jpg 400w, https:\/\/gruene-holzwickede.de\/wp-content\/uploads\/2026\/02\/Foto_Ulrike-768x1151.jpg 768w, https:\/\/gruene-holzwickede.de\/wp-content\/uploads\/2026\/02\/Foto_Ulrike-rotated.jpg 854w\" sizes=\"auto, (max-width: 800px) 100vw, 800px\" \/><\/figure><div class=\"wp-block-media-text__content\">\n<h2 class=\"wp-block-heading\">Ulrike D\u00fcrholt<\/h2>\n\n\n\n<p><strong>stellvertr. Fraktionsvorsitzende, Ratsmitglied<\/strong><\/p>\n\n\n\n<p>Mail: ulrike@howi-town.de<\/p>\n\n\n\n<p>Tel.: 0231 &#8211; 14269<\/p>\n\n\n\n<p>Ausschussmitglied im Wahlpr\u00fcfungsausschuss WPA und Wahlausschuss WA <\/p>\n\n\n\n<p>Vertreten in folgenden Gremien: Seniorenbeirat, Naturf\u00f6rdergesellschaft f\u00fcr den Kreis Unna e.V. (NFG) Mitgliederversammlung politischer Beirat Klimaschutz, Arbeitskreis Parken im Norden<\/p>\n<\/div><\/div>\n\n\n\n<div style=\"height:20px\" aria-hidden=\"true\" class=\"wp-block-spacer\"><\/div>\n\n\n\n<hr class=\"wp-block-separator has-css-opacity\"\/>\n\n\n\n<div style=\"height:20px\" aria-hidden=\"true\" class=\"wp-block-spacer\"><\/div>\n\n\n\n<div class=\"wp-block-media-text alignwide\" style=\"grid-template-columns:15% auto\"><figure class=\"wp-block-media-text__media\"><img loading=\"lazy\" decoding=\"async\" width=\"800\" height=\"1200\" src=\"https:\/\/gruene-holzwickede.de\/wp-content\/uploads\/2026\/02\/Foto_Sabine-800x1200.jpg\" alt=\"\" class=\"wp-image-1476 size-full\" srcset=\"https:\/\/gruene-holzwickede.de\/wp-content\/uploads\/2026\/02\/Foto_Sabine-800x1200.jpg 800w, https:\/\/gruene-holzwickede.de\/wp-content\/uploads\/2026\/02\/Foto_Sabine-400x600.jpg 400w, https:\/\/gruene-holzwickede.de\/wp-content\/uploads\/2026\/02\/Foto_Sabine-768x1151.jpg 768w, https:\/\/gruene-holzwickede.de\/wp-content\/uploads\/2026\/02\/Foto_Sabine-rotated.jpg 854w\" sizes=\"auto, (max-width: 800px) 100vw, 800px\" \/><\/figure><div class=\"wp-block-media-text__content\">\n<h2 class=\"wp-block-heading\">Sabine Kwiatkowski<\/h2>\n\n\n\n<p><strong>Ratsmitglied<\/strong><\/p>\n\n\n\n<p>Mail: <a href=\"#\" data-unscramble=\"ed.edekciwzloh@kitilop-ikswoktaiwK.S\">S.Kwiatkowski-politik@holzwickede.de<\/a><\/p>\n\n\n\n<p>Ausschussmitglied im Haut-Finanz- und Personalausschuss HFPA,  Ausschuss f\u00fcr Klima, Umwelt, Verkehr und Mobilit\u00e4t AfKUVM, Rechnungspr\u00fcfungsausschuss RPA, Wahlpr\u00fcfungsausschuss WPA, <\/p>\n\n\n\n<p>Wahlausschuss WA <\/p>\n\n\n\n<p>Vertreten in folgenden Gremien: Ausschuss nach der \u00f6ffentlich-rechtlichen Vereinbarung zur gemeinsamen Wahrnehmung der Aufgaben der VHS, Verkehrsgesellschaft f\u00fcr den Kreis Unna mbH (VKU) Gesellschafterversammlung, Arbeitskreis Sportst\u00e4tten, Arbeitskreis Schuldigitalisierung,                Aktivkreis Holzwickede AKH<\/p>\n<\/div><\/div>\n\n\n\n<div style=\"height:20px\" aria-hidden=\"true\" class=\"wp-block-spacer\"><\/div>\n\n\n\n<hr class=\"wp-block-separator has-css-opacity\"\/>\n\n\n\n<div style=\"height:20px\" aria-hidden=\"true\" class=\"wp-block-spacer\"><\/div>\n\n\n\n<div class=\"wp-block-media-text alignwide\" style=\"grid-template-columns:15% auto\"><figure class=\"wp-block-media-text__media\"><img loading=\"lazy\" decoding=\"async\" width=\"800\" height=\"1200\" src=\"https:\/\/gruene-holzwickede.de\/wp-content\/uploads\/2026\/02\/DSCF4002-800x1200.jpg\" alt=\"\" class=\"wp-image-1456 size-full\" srcset=\"https:\/\/gruene-holzwickede.de\/wp-content\/uploads\/2026\/02\/DSCF4002-800x1200.jpg 800w, https:\/\/gruene-holzwickede.de\/wp-content\/uploads\/2026\/02\/DSCF4002-400x600.jpg 400w, https:\/\/gruene-holzwickede.de\/wp-content\/uploads\/2026\/02\/DSCF4002-768x1152.jpg 768w, https:\/\/gruene-holzwickede.de\/wp-content\/uploads\/2026\/02\/DSCF4002-1024x1536.jpg 1024w, https:\/\/gruene-holzwickede.de\/wp-content\/uploads\/2026\/02\/DSCF4002-1365x2048.jpg 1365w, https:\/\/gruene-holzwickede.de\/wp-content\/uploads\/2026\/02\/DSCF4002-scaled.jpg 1707w\" sizes=\"auto, (max-width: 800px) 100vw, 800px\" \/><\/figure><div class=\"wp-block-media-text__content\">\n<h2 class=\"wp-block-heading\">Judith Kuck-B\u00f6sing<\/h2>\n\n\n\n<p>Sachkundige B\u00fcrgerin<\/p>\n\n\n\n<p>Mail: <a href=\"#\" data-unscramble=\"ed.edekciwzloh-eneurg@gniseob-kcuk.htiduj\">judith.kuck-boesing@gruene-holzwickede.de<\/a><\/p>\n\n\n\n<p>Vertreten in folgenden Gremien: Kuratorium Musikschule <\/p>\n\n\n\n<p>Ausschussmitglied im Ausschuss f\u00fcr Schule, Sport, Kultur, St\u00e4dtepartnerschaft und Senioren AFSSKSS<\/p>\n\n\n\n<p>Naturf\u00f6rdergesellschaft f\u00fcr den Kreis Unna e.V. (NFG), Arbeitskreis Parken im Norden,  <\/p>\n\n\n\n<p>Arbeitskreis Schuldigitalisierung<\/p>\n<\/div><\/div>\n\n\n\n<div style=\"height:20px\" aria-hidden=\"true\" class=\"wp-block-spacer\"><\/div>\n\n\n\n<div class=\"wp-block-group alignwide is-layout-constrained wp-block-group-is-layout-constrained\">\n<hr class=\"wp-block-separator has-css-opacity\"\/>\n\n\n\n<div class=\"wp-block-group alignwide is-layout-constrained wp-block-group-is-layout-constrained\">\n<div class=\"wp-block-group alignwide is-layout-constrained wp-block-group-is-layout-constrained\">\n<div style=\"height:20px\" aria-hidden=\"true\" class=\"wp-block-spacer\"><\/div>\n\n\n\n<div class=\"wp-block-media-text alignwide\" style=\"grid-template-columns:15% auto\"><figure class=\"wp-block-media-text__media\"><img loading=\"lazy\" decoding=\"async\" width=\"800\" height=\"1200\" src=\"https:\/\/gruene-holzwickede.de\/wp-content\/uploads\/2026\/02\/DSCF3947-800x1200.jpg\" alt=\"\" class=\"wp-image-1457 size-full\" srcset=\"https:\/\/gruene-holzwickede.de\/wp-content\/uploads\/2026\/02\/DSCF3947-800x1200.jpg 800w, https:\/\/gruene-holzwickede.de\/wp-content\/uploads\/2026\/02\/DSCF3947-400x600.jpg 400w, https:\/\/gruene-holzwickede.de\/wp-content\/uploads\/2026\/02\/DSCF3947-768x1152.jpg 768w, https:\/\/gruene-holzwickede.de\/wp-content\/uploads\/2026\/02\/DSCF3947-1024x1536.jpg 1024w, https:\/\/gruene-holzwickede.de\/wp-content\/uploads\/2026\/02\/DSCF3947-1365x2048.jpg 1365w, https:\/\/gruene-holzwickede.de\/wp-content\/uploads\/2026\/02\/DSCF3947-scaled.jpg 1707w\" sizes=\"auto, (max-width: 800px) 100vw, 800px\" \/><\/figure><div class=\"wp-block-media-text__content\">\n<h2 class=\"wp-block-heading\">Marius M\u00f6nig<\/h2>\n\n\n\n<p>Sachkundiger B\u00fcrger<\/p>\n\n\n\n<p>Mail: <a href=\"#\" data-unscramble=\"ed.edekciwzloh-eneurg@gineom.suiram\">marius.moenig@gruene-holzwickede.de<\/a><\/p>\n\n\n\n<p>Ausschussmitglied im Betriebsausschuss BA, Ausschuss f\u00fcr Wirtschaftsf\u00f6rderung und Demografie AWD <\/p>\n<\/div><\/div>\n\n\n\n<div style=\"height:20px\" aria-hidden=\"true\" class=\"wp-block-spacer\"><\/div>\n<\/div>\n\n\n\n<hr class=\"wp-block-separator has-css-opacity\"\/>\n\n\n\n<div class=\"wp-block-media-text alignwide is-stacked-on-mobile\" style=\"grid-template-columns:15% auto\"><figure class=\"wp-block-media-text__media\"><img loading=\"lazy\" decoding=\"async\" width=\"800\" height=\"1200\" src=\"https:\/\/gruene-holzwickede.de\/wp-content\/uploads\/2026\/02\/DSCF4298-800x1200.jpg\" alt=\"\" class=\"wp-image-1458 size-full\" srcset=\"https:\/\/gruene-holzwickede.de\/wp-content\/uploads\/2026\/02\/DSCF4298-800x1200.jpg 800w, https:\/\/gruene-holzwickede.de\/wp-content\/uploads\/2026\/02\/DSCF4298-400x600.jpg 400w, https:\/\/gruene-holzwickede.de\/wp-content\/uploads\/2026\/02\/DSCF4298-768x1152.jpg 768w, https:\/\/gruene-holzwickede.de\/wp-content\/uploads\/2026\/02\/DSCF4298-1024x1536.jpg 1024w, https:\/\/gruene-holzwickede.de\/wp-content\/uploads\/2026\/02\/DSCF4298-1365x2048.jpg 1365w, https:\/\/gruene-holzwickede.de\/wp-content\/uploads\/2026\/02\/DSCF4298-scaled.jpg 1707w\" sizes=\"auto, (max-width: 800px) 100vw, 800px\" \/><\/figure><div class=\"wp-block-media-text__content\">\n<h2 class=\"wp-block-heading\">Hans-Ulrich Bangert<\/h2>\n\n\n\n<p>Sachkundiger B\u00fcrger<\/p>\n\n\n\n<p>Mail: <a href=\"#\" data-unscramble=\"ed.edekciwzloh@kitilop-tregnaB.H\">H.Bangert-politik@holzwickede.de<\/a><\/p>\n\n\n\n<p>Tel.: 0163 &#8211; 4806829<\/p>\n\n\n\n<p>Ausschussmitglied im Ausschuss f\u00fcr Jugend, Familie und Soziales AFJFS,                                        Ausschuss f\u00fcr Schule, Sport, Kultur, St\u00e4dtepartnerschaft und Senioren AFSSKSS<\/p>\n\n\n\n<p>Vertreten in folgenden Gremien: Ausschuss nach der \u00f6ffentlich-rechtlichen Vereinbarung zur gemeinsamen Wahrnehmung der Aufgaben der VHS, Kuratorium Perthes,                                                  Naturf\u00f6rderungsgesellschaft f\u00fcr den Kreis Unna e.V. ( NFG)  Vorstand                                          Kommission nach \u00a7 32b Luftverkehrsgesetz f\u00fcr den Flughafen Dortmund, Workshop Demokratie, Aktivkreis Holzwickede AKH<\/p>\n<\/div><\/div>\n\n\n\n<hr class=\"wp-block-separator has-css-opacity\"\/>\n\n\n\n<p><\/p>\n<\/div>\n<\/div>\n\n\n\n<div class=\"wp-block-group alignwide is-layout-constrained wp-block-group-is-layout-constrained\">\n<div class=\"wp-block-group alignwide is-layout-constrained wp-block-group-is-layout-constrained\">\n<div style=\"height:20px\" aria-hidden=\"true\" class=\"wp-block-spacer\"><\/div>\n\n\n\n<div class=\"wp-block-media-text alignwide\" style=\"grid-template-columns:15% auto\"><figure class=\"wp-block-media-text__media\"><img loading=\"lazy\" decoding=\"async\" width=\"800\" height=\"1200\" src=\"https:\/\/gruene-holzwickede.de\/wp-content\/uploads\/2026\/02\/DSCF3866-800x1200.jpg\" alt=\"\" class=\"wp-image-1459 size-full\" srcset=\"https:\/\/gruene-holzwickede.de\/wp-content\/uploads\/2026\/02\/DSCF3866-800x1200.jpg 800w, https:\/\/gruene-holzwickede.de\/wp-content\/uploads\/2026\/02\/DSCF3866-400x600.jpg 400w, https:\/\/gruene-holzwickede.de\/wp-content\/uploads\/2026\/02\/DSCF3866-768x1152.jpg 768w, https:\/\/gruene-holzwickede.de\/wp-content\/uploads\/2026\/02\/DSCF3866-1024x1536.jpg 1024w, https:\/\/gruene-holzwickede.de\/wp-content\/uploads\/2026\/02\/DSCF3866-1365x2048.jpg 1365w, https:\/\/gruene-holzwickede.de\/wp-content\/uploads\/2026\/02\/DSCF3866-scaled.jpg 1707w\" sizes=\"auto, (max-width: 800px) 100vw, 800px\" \/><\/figure><div class=\"wp-block-media-text__content\">\n<h2 class=\"wp-block-heading\">Julia Moldenauer<\/h2>\n\n\n\n<p>Sachkundige B\u00fcrgerin <\/p>\n\n\n\n<p>Tel.: 0178 &#8211; 3488582<\/p>\n\n\n\n<p>Mail: <a href=\"#\" data-unscramble=\"ed.xmg@reuahnedlomailuj\">juliamoldenhauer@gmx.de<\/a><\/p>\n\n\n\n<p>Ausschussmitglied im Ausschuss Planungs &#8211; und Bauausschuss PLUBA<\/p>\n\n\n\n<p>Vertreten in folgenden Gremien: Bauverein Holzwickede e.G. Genossenschaftsversammlung<\/p>\n\n\n\n<p><\/p>\n<\/div><\/div>\n\n\n\n<div style=\"height:20px\" aria-hidden=\"true\" class=\"wp-block-spacer\"><\/div>\n<\/div>\n\n\n\n<hr class=\"wp-block-separator has-css-opacity\"\/>\n\n\n\n<div style=\"height:1px\" aria-hidden=\"true\" class=\"wp-block-spacer\"><\/div>\n\n\n\n<div class=\"wp-block-media-text alignwide\" style=\"grid-template-columns:15% auto\"><figure class=\"wp-block-media-text__media\"><img loading=\"lazy\" decoding=\"async\" width=\"800\" height=\"1200\" src=\"https:\/\/gruene-holzwickede.de\/wp-content\/uploads\/2026\/02\/DSCF3903-800x1200.jpg\" alt=\"\" class=\"wp-image-1460 size-full\" srcset=\"https:\/\/gruene-holzwickede.de\/wp-content\/uploads\/2026\/02\/DSCF3903-800x1200.jpg 800w, https:\/\/gruene-holzwickede.de\/wp-content\/uploads\/2026\/02\/DSCF3903-400x600.jpg 400w, https:\/\/gruene-holzwickede.de\/wp-content\/uploads\/2026\/02\/DSCF3903-768x1152.jpg 768w, https:\/\/gruene-holzwickede.de\/wp-content\/uploads\/2026\/02\/DSCF3903-1024x1536.jpg 1024w, https:\/\/gruene-holzwickede.de\/wp-content\/uploads\/2026\/02\/DSCF3903-1365x2048.jpg 1365w, https:\/\/gruene-holzwickede.de\/wp-content\/uploads\/2026\/02\/DSCF3903-scaled.jpg 1707w\" sizes=\"auto, (max-width: 800px) 100vw, 800px\" \/><\/figure><div class=\"wp-block-media-text__content\">\n<h2 class=\"wp-block-heading\">Angelika Hartjenstein<\/h2>\n\n\n\n<p>Sachkundige B\u00fcrgerin<\/p>\n\n\n\n<p>Tel.: 0170 &#8211; 2803802<\/p>\n\n\n\n<p>Mail: <a href=\"#\" data-unscramble=\"ed.knifgrewz@tkatnok\">kontakt@zwergfink.de<\/a><\/p>\n\n\n\n<p>Ausschussmitglied im Ausschuss Planungs &#8211; und Bauausschuss PLUBA<\/p>\n\n\n\n<p>Vertreten in folgenden Gremien: Seniorenbeirat <\/p>\n<\/div><\/div>\n\n\n\n<hr class=\"wp-block-separator has-css-opacity\"\/>\n<\/div>\n\n\n\n<div class=\"wp-block-group alignwide is-layout-constrained wp-block-group-is-layout-constrained\">\n<div class=\"wp-block-group alignwide is-layout-constrained wp-block-group-is-layout-constrained\">\n<div style=\"height:20px\" aria-hidden=\"true\" class=\"wp-block-spacer\"><\/div>\n\n\n\n<div class=\"wp-block-media-text alignwide\" style=\"grid-template-columns:15% auto\"><figure class=\"wp-block-media-text__media\"><img loading=\"lazy\" decoding=\"async\" width=\"800\" height=\"1200\" src=\"https:\/\/gruene-holzwickede.de\/wp-content\/uploads\/2026\/02\/DSCF3809-800x1200.jpg\" alt=\"\" class=\"wp-image-1461 size-full\" srcset=\"https:\/\/gruene-holzwickede.de\/wp-content\/uploads\/2026\/02\/DSCF3809-800x1200.jpg 800w, https:\/\/gruene-holzwickede.de\/wp-content\/uploads\/2026\/02\/DSCF3809-400x600.jpg 400w, https:\/\/gruene-holzwickede.de\/wp-content\/uploads\/2026\/02\/DSCF3809-768x1152.jpg 768w, https:\/\/gruene-holzwickede.de\/wp-content\/uploads\/2026\/02\/DSCF3809-1024x1536.jpg 1024w, https:\/\/gruene-holzwickede.de\/wp-content\/uploads\/2026\/02\/DSCF3809-1365x2048.jpg 1365w, https:\/\/gruene-holzwickede.de\/wp-content\/uploads\/2026\/02\/DSCF3809-scaled.jpg 1707w\" sizes=\"auto, (max-width: 800px) 100vw, 800px\" \/><\/figure><div class=\"wp-block-media-text__content\">\n<h2 class=\"wp-block-heading\">Anne H\u00f6vels<\/h2>\n\n\n\n<p>Sachkundige B\u00fcrgerin<\/p>\n\n\n\n<p>Mail: <a href=\"#\" data-unscramble=\"ed.oetsop@sleveoh.a\">a.hoevels@posteo.de<\/a><\/p>\n\n\n\n<p>Ausschussmitglied im Ausschuss f\u00fcr Jugend, Familie und Soziales AFJFS  <\/p>\n\n\n\n<p>Vertreten in folgenden Gremien: Kuratorium Musikschule <\/p>\n<\/div><\/div>\n\n\n\n<div style=\"height:20px\" aria-hidden=\"true\" class=\"wp-block-spacer\"><\/div>\n<\/div>\n\n\n\n<hr class=\"wp-block-separator has-css-opacity\"\/>\n<\/div>\n\n\n\n<p><\/p>\n","protected":false},"excerpt":{"rendered":"<p>Susanne Werbinsky Fraktionsvorsitzende, Ratsmitglied Mail: s.werbinsky@gruene-holzwickede.de Tel.: 0173 &#8211; 6092691 Ausschussmitglied im Haut &#8211; Finanz und Personalausschuss HFPA und Rechnungspr\u00fcfungsausschuss RPA Vertreten in folgenden Gremien: Sparkassenzweckverband des Kreises Unna, der [&hellip;]<\/p>\n","protected":false},"author":2,"featured_media":0,"parent":95,"menu_order":2,"comment_status":"closed","ping_status":"closed","template":"","meta":{"footnotes":""},"class_list":["post-117","page","type-page","status-publish","hentry"],"_links":{"self":[{"href":"https:\/\/gruene-holzwickede.de\/index.php?rest_route=\/wp\/v2\/pages\/117","targetHints":{"allow":["GET"]}}],"collection":[{"href":"https:\/\/gruene-holzwickede.de\/index.php?rest_route=\/wp\/v2\/pages"}],"about":[{"href":"https:\/\/gruene-holzwickede.de\/index.php?rest_route=\/wp\/v2\/types\/page"}],"author":[{"embeddable":true,"href":"https:\/\/gruene-holzwickede.de\/index.php?rest_route=\/wp\/v2\/users\/2"}],"replies":[{"embeddable":true,"href":"https:\/\/gruene-holzwickede.de\/index.php?rest_route=%2Fwp%2Fv2%2Fcomments&post=117"}],"version-history":[{"count":35,"href":"https:\/\/gruene-holzwickede.de\/index.php?rest_route=\/wp\/v2\/pages\/117\/revisions"}],"predecessor-version":[{"id":1491,"href":"https:\/\/gruene-holzwickede.de\/index.php?rest_route=\/wp\/v2\/pages\/117\/revisions\/1491"}],"up":[{"embeddable":true,"href":"https:\/\/gruene-holzwickede.de\/index.php?rest_route=\/wp\/v2\/pages\/95"}],"wp:attachment":[{"href":"https:\/\/gruene-holzwickede.de\/index.php?rest_route=%2Fwp%2Fv2%2Fmedia&parent=117"}],"curies":[{"name":"wp","href":"https:\/\/api.w.org\/{rel}","templated":true}]}}