{"id":123,"date":"2018-12-12T14:09:37","date_gmt":"2018-12-12T13:09:37","guid":{"rendered":"http:\/\/test.gruene-holzwickede.de\/?page_id=123"},"modified":"2021-09-05T09:54:36","modified_gmt":"2021-09-05T07:54:36","slug":"ratsantraege","status":"publish","type":"page","link":"https:\/\/gruene-holzwickede.de\/?page_id=123","title":{"rendered":"Ratsantr\u00e4ge"},"content":{"rendered":"\n<p>Hier sind Ratsantr\u00e4ge gelistet, die wir als B\u00dcNDNIS90\/DIE GR\u00dcNEN Ortsverband Holzwickede einreichen.<\/p>\n\n\n\n<ul class=\"wp-block-list\"><li><a href=\"https:\/\/gruene-holzwickede.de\/wp-content\/uploads\/2021\/05\/Antrag-Autofreier-Marktplatz-29.04.2021.pdf\">Antrag: Autofreier Marktplatz, April 2021<\/a><\/li><li><a href=\"https:\/\/gruene-holzwickede.de\/wp-content\/uploads\/2021\/03\/Antrag-Wildblumenwiesen.pdf\">Antrag Wildblumenwiesen, M\u00e4rz 2021<\/a><\/li><li><a href=\"https:\/\/gruene-holzwickede.de\/?attachment_id=1108\">Antrag Sozialbericht, Februar 2021<\/a><\/li><li><a href=\"https:\/\/gruene-holzwickede.de\/wp-content\/uploads\/2021\/03\/Antrag-OePNV.pdf\">Antrag \u00d6PNV, Januar 2021<\/a><\/li><li><a rel=\"noreferrer noopener\" href=\"https:\/\/gruene-holzwickede.de\/wp-content\/uploads\/2020\/11\/Luftreinigungsgeraete.pdf\" target=\"_blank\">Antrag auf Ermittlung von Kosten f\u00fcr Luftreinigungsger\u00e4te an Schulen, November 2020<\/a><\/li><li><a rel=\"noreferrer noopener\" href=\"https:\/\/gruene-holzwickede.de\/wp-content\/uploads\/2020\/11\/Antrag-Die-Gruenen.pdf\" target=\"_blank\">Antrag Familien und Wirtschaft in Holzwickede, Mai 2020<\/a><\/li><li><a rel=\"noreferrer noopener\" href=\"https:\/\/gruene-holzwickede.de\/wp-content\/uploads\/2020\/11\/2020-05-12_PluBa_TOP_5-oeff_Sitzungsvorlage_2020-0053-1_Anlage_1.pdf\" target=\"_blank\">Antrag zum Bau eines kombinierten Fu\u00df- und Radweges vom Emscher-Weg bis zur S\u00f6lder Stra\u00dfe<\/a><\/li><li><a rel=\"noreferrer noopener\" href=\"https:\/\/gruene-holzwickede.de\/wp-content\/uploads\/2020\/11\/2020-03-09_UA_TOP_9-oeff_Sitzungsvorlage_2020-0031_Anlage_1.pdf\" target=\"_blank\">Antrag an den Planungs- und Bauausschuss zum Thema Gemeindewerke<\/a><\/li><li><a rel=\"noreferrer noopener\" href=\"https:\/\/gruene-holzwickede.de\/wp-content\/uploads\/2020\/11\/2020-02-04_PluBa_TOP_9-oeff_Sitzungsvorlage_2020-0017_Anlage_2.pdf\" target=\"_blank\">Antrag an den Planungs- und Bauausschuss zum Thema Umgestaltung Bolzplatz Haarstrangsportanlage<\/a><\/li><li><a rel=\"noreferrer noopener\" href=\"https:\/\/gruene-holzwickede.de\/?attachment_id=1035\" target=\"_blank\">Antrag f\u00fcr den Planungs- und Bauausschuss zur Beschlussfassung zur Kontaktaufnahme mit der Deutschen Bahn<\/a><\/li><li><a rel=\"noreferrer noopener\" href=\"https:\/\/gruene-holzwickede.de\/?p=431\" target=\"_blank\">Gemeinde ohne Rassismus<\/a><\/li><li><a rel=\"noreferrer noopener\" href=\"https:\/\/gruene-holzwickede.de\/?p=309\" target=\"_blank\">Entsiegelung der Rollschuhfl\u00e4che<\/a><\/li><li><a rel=\"noreferrer noopener\" href=\"https:\/\/gruene-holzwickede.de\/?p=286\" target=\"_blank\">Dokumentation Kanalbauma\u00dfnahme Stehfenstra\u00dfe<\/a><\/li><\/ul>\n\n\n\n<div class=\"wp-block-group is-layout-flow wp-block-group-is-layout-flow\">\n<div class=\"wp-block-group is-layout-flow wp-block-group-is-layout-flow\"><\/div>\n<\/div>\n","protected":false},"excerpt":{"rendered":"<p>Hier sind Ratsantr\u00e4ge gelistet, die wir als B\u00dcNDNIS90\/DIE GR\u00dcNEN Ortsverband Holzwickede einreichen. Antrag: Autofreier Marktplatz, April 2021 Antrag Wildblumenwiesen, M\u00e4rz 2021 Antrag Sozialbericht, Februar 2021 Antrag \u00d6PNV, Januar 2021 Antrag [&hellip;]<\/p>\n","protected":false},"author":2,"featured_media":0,"parent":93,"menu_order":0,"comment_status":"closed","ping_status":"closed","template":"","meta":{"footnotes":""},"class_list":["post-123","page","type-page","status-publish","hentry"],"_links":{"self":[{"href":"https:\/\/gruene-holzwickede.de\/index.php?rest_route=\/wp\/v2\/pages\/123","targetHints":{"allow":["GET"]}}],"collection":[{"href":"https:\/\/gruene-holzwickede.de\/index.php?rest_route=\/wp\/v2\/pages"}],"about":[{"href":"https:\/\/gruene-holzwickede.de\/index.php?rest_route=\/wp\/v2\/types\/page"}],"author":[{"embeddable":true,"href":"https:\/\/gruene-holzwickede.de\/index.php?rest_route=\/wp\/v2\/users\/2"}],"replies":[{"embeddable":true,"href":"https:\/\/gruene-holzwickede.de\/index.php?rest_route=%2Fwp%2Fv2%2Fcomments&post=123"}],"version-history":[{"count":11,"href":"https:\/\/gruene-holzwickede.de\/index.php?rest_route=\/wp\/v2\/pages\/123\/revisions"}],"predecessor-version":[{"id":1376,"href":"https:\/\/gruene-holzwickede.de\/index.php?rest_route=\/wp\/v2\/pages\/123\/revisions\/1376"}],"up":[{"embeddable":true,"href":"https:\/\/gruene-holzwickede.de\/index.php?rest_route=\/wp\/v2\/pages\/93"}],"wp:attachment":[{"href":"https:\/\/gruene-holzwickede.de\/index.php?rest_route=%2Fwp%2Fv2%2Fmedia&parent=123"}],"curies":[{"name":"wp","href":"https:\/\/api.w.org\/{rel}","templated":true}]}}