{"id":125,"date":"2018-12-12T14:09:55","date_gmt":"2018-12-12T13:09:55","guid":{"rendered":"http:\/\/test.gruene-holzwickede.de\/?page_id=125"},"modified":"2020-07-27T11:13:18","modified_gmt":"2020-07-27T09:13:18","slug":"politische-ziele","status":"publish","type":"page","link":"https:\/\/gruene-holzwickede.de\/?page_id=125","title":{"rendered":"Politische Ziele"},"content":{"rendered":"\n<h1 class=\"wp-block-heading\">Unsere politischen Ziele \u2013 von A bis Z<\/h1>\n\n\n\n<p><strong>Von A bis Z<\/strong> \u2013 &nbsp;f\u00fcr die Menschen in unserer\nGemeinde. Wir k\u00fcmmern uns um Ihre Themen! <\/p>\n\n\n\n<p>A <\/p>\n\n\n\n<ul class=\"wp-block-list\"><li>Ausweitung der Schulsozialarbeit<\/li><li>Ausweitung von Fu\u00df und Radwegen ganz konkret<\/li><li>Anbindung an das Radwegenetz<\/li><li>F\u00f6rderung des Artenschutzes <\/li><li>Armutsbericht als fortlaufendes Instrument <\/li><li>Antidiskriminierungsmanagement<\/li><li>Ausbau Glasfasernetz<br>\n<br>\n<\/li><\/ul>\n\n\n\n<p>B <\/p>\n\n\n\n<ul class=\"wp-block-list\"><li>Bahnhof und Bahnhofsumfeld \u2013 Ma\u00dfnahmen umsetzen <\/li><li>Baumschutzsatzung verbessern<\/li><li>Biologische Vielfalt erm\u00f6glichen<\/li><li>Bl\u00fctenwiesen u. Bl\u00fchstreifen vermehren<\/li><li>Bauhof als W\u00e4chter f\u00fcr den Naturschutz<\/li><li>Barrierefreiheit: behindertenfreundliches\nHolzwickede<\/li><li>B\u00fcrgerwald erweitern<\/li><li>B\u00fccherkiste<\/li><li>Bolzpl\u00e4tze \u2013 Erhalt und Pflege<\/li><li>\u00f6kologisches Bauen<\/li><\/ul>\n\n\n\n<p>C <\/p>\n\n\n\n<ul class=\"wp-block-list\"><li>Carsharing anbieten <\/li><li>Corona (Negativfolgen minimieren und abfedern,\nLehren ziehen)<\/li><\/ul>\n\n\n\n<p>D <\/p>\n\n\n\n<ul class=\"wp-block-list\"><li>Digitalisierung in Schulen und Verwaltung\nvorantreiben<\/li><li>dem demographischen Wandel durch Ma\u00dfnahmen entgegenwirken\n<\/li><li>Dachbegr\u00fcnungen f\u00f6rdern<\/li><\/ul>\n\n\n\n<p>E <\/p>\n\n\n\n<ul class=\"wp-block-list\"><li>Ehrenamt st\u00e4rken und koordinieren\n(Ehrenamtsbeauftragten), Ehrenamtsb\u00f6rse<\/li><li>Entw\u00e4sserungskonzept fortschreiben<\/li><li>Emscherquellgemeinde (st\u00e4rkere Positionierung durch\nMarketing, Hinweisschilder auch am Bahnhof und anderen markanten Punkten)<\/li><li>Ausbau Ladestationen f\u00fcr E-Mobilit\u00e4t<\/li><li>E-Flotte f\u00fcr Bauhof-Mitarbeiter und B\u00fcrgermeisterin<\/li><\/ul>\n\n\n\n<p>F <\/p>\n\n\n\n<ul class=\"wp-block-list\"><li>freier Zugang zum Internet f\u00fcr Alle <\/li><li>Fl\u00e4chennutzungskonzept st\u00e4ndig fortschreiben<\/li><li>Fl\u00e4chenverbrauch reduzieren, Bauen nach oben <\/li><li>fahrradfreundliche Gemeinde werden<\/li><li>Fu\u00dfwegenetz ausbauen<\/li><li>Foodsharing verbreiten <\/li><li>Fair Trade als Gemeinde leben<\/li><li>ehrenamtliche Fl\u00fcchtlingsarbeit unterst\u00fctzen<br>\n<br>\n<\/li><\/ul>\n\n\n\n<p>G <\/p>\n\n\n\n<ul class=\"wp-block-list\"><li>Gastronomie u. Gewerbe st\u00e4rken und vernetzen<\/li><li>Gemeindewerke als Motor f\u00fcr die Energiewende<\/li><li>Gemeinsinn f\u00f6rdern gegen jegliche Art von\nExtremismus und Populismus<\/li><li>Gemeinde ohne Rassismus f\u00fcr Courage leben&nbsp; <\/li><li>Glasfasernetz komplett ausbauen<\/li><li>Gr\u00fcnd\u00e4cher auf KiTa und gemeindeeigenen D\u00e4chern<\/li><\/ul>\n\n\n\n<p>H <\/p>\n\n\n\n<ul class=\"wp-block-list\"><li>Holzwickede fit f\u00fcr die \u00f6kologische, \u00f6konomische\nund soziale Zukunft machen und gestalten <\/li><li>Hilfsdienste und Hilfsprojekte initiieren und\nunterst\u00fctzen<\/li><li>\u201eHolla\u201c (unser ausleihbares Elektrotransportrad)<\/li><li>Home-Office (Digitalisierung)<\/li><li>Home Schooling (vorbereitet sein, Lehrer und\nSch\u00fcler schulen)<br>\n<br>\n<\/li><\/ul>\n\n\n\n<p>I <\/p>\n\n\n\n<ul class=\"wp-block-list\"><li>Integration als wichtigen Baustein in unserer\nGemeinde erleben <\/li><li>Inklusion f\u00f6rdern <\/li><li>Identifikationen mit unserer Gemeinde verst\u00e4rken<br>\n<br>\n<\/li><\/ul>\n\n\n\n<p>J <\/p>\n\n\n\n<ul class=\"wp-block-list\"><li>Jugendf\u00f6rderung und -teilhabe auf allen Ebenen\nunserer Gemeinde<\/li><li>Jahresplanungen und -koordination aller Veranstaltungen\nund Aktivit\u00e4ten von Politik, Vereinen, Verb\u00e4nden, Kirchen und sozialen\nInstitutionen<br>\n<br>\n<\/li><\/ul>\n\n\n\n<p>K <\/p>\n\n\n\n<ul class=\"wp-block-list\"><li>Kinderbetreuung, Kinderg\u00e4rten, KiTa sicherstellen<\/li><li>Kultur- und Kunstf\u00f6rderung<\/li><li>Klimaschutzkonzept, Klimaschutzmanager\/in<\/li><li>Kr\u00f6tenschutz organisieren<\/li><li>Kreis-Netzwerke nutzen<\/li><li>Kanalsanierung (Stehfenstra\u00dfe)<br>\n<br>\n<\/li><\/ul>\n\n\n\n<p>L <\/p>\n\n\n\n<ul class=\"wp-block-list\"><li>Landschaftsplan mit Betrachtung des Flughafens\naktualisieren und fortschreiben <\/li><li>Ladestationen f\u00fcr E-Bikes und E-PKWs verst\u00e4rken,\n(Konzept mit Ortsangaben)<\/li><\/ul>\n\n\n\n<p>M <\/p>\n\n\n\n<ul class=\"wp-block-list\"><li>Mobilit\u00e4tskonzept f\u00fcr Holzwickede <\/li><li>\u201eMein Holzwickede\u201c (Ausbau und F\u00f6rderung digitaler\nPlattformen)<\/li><li>Hinweisschilder: Emscherweg, Emscherquellgemeinde,\nauch am Bahnhof <\/li><li>Mobilit\u00e4tskonzept f\u00fcr Holzwickede<\/li><li>Marktplatz im Zuge der Rathauserweiterung autofrei\ngestalten <\/li><li>Montanhydraulikstra\u00dfe, auch fahrradfreundlich ausbauen<br>\n<br>\n<\/li><\/ul>\n\n\n\n<p>N <\/p>\n\n\n\n<ul class=\"wp-block-list\"><li>Naherholungsgebiete erhalten und verbessern <\/li><li>Nahverkehr f\u00f6rdern<\/li><li>Nachhaltigkeits\u00fcberpr\u00fcfung<\/li><li>Neub\u00fcrger herzlich willkommen hei\u00dfen<br>\n<br>\n<\/li><\/ul>\n\n\n\n<p>O <\/p>\n\n\n\n<ul class=\"wp-block-list\"><li>Ortseing\u00e4nge ansprechend gestalten<\/li><li>F\u00f6rderung und Unterst\u00fctzung von Ortsjugendring\nsowie den Ortsverb\u00e4nden f\u00fcr Kultur und Sport als wichtige soziale Bausteine\nunserer Gemeinde<\/li><li>\u00f6kologische Aufwertung des Baugebiets \u201eEmscherquelle\u201c\n<br>\n<br>\n<\/li><\/ul>\n\n\n\n<p>P <\/p>\n\n\n\n<ul class=\"wp-block-list\"><li>Parkraumbewirtschaftung mit R\u00fccksicht auf Menschen\nmit Handicaps umsetzen <\/li><li>Autonomer Pendlerbus <\/li><li>Park and Ride Anlage im Norden vorantreiben<\/li><li>Photovoltaik ausbauen und f\u00f6rdern (auf \u00f6ffentlichen\nGeb\u00e4uden)<\/li><li>Plastikfreie und pestizidfreie Gemeinde<\/li><li>parents4future (Zusammenarbeit)<\/li><li>Pflanzaktionen<br>\n<br>\n<\/li><\/ul>\n\n\n\n<p>Q <\/p>\n\n\n\n<ul class=\"wp-block-list\"><li>Qualit\u00e4tssicherung bei allen Sportst\u00e4tten,\nBolzpl\u00e4tzen und allen gemeindlichen Einrichtungen<br>\n<br>\n<\/li><\/ul>\n\n\n\n<p>R <\/p>\n\n\n\n<ul class=\"wp-block-list\"><li>Rathaus als echten, allgemein akzeptierter Anlauf-\nund Knotenpunkt im Gemeindeleben gestalten <\/li><li>Radwegenetz im Ort ausbauen und \u00fcber\u00f6rtliche\nAnbindungen vorantreiben (Radtouristik f\u00f6rdern)<\/li><li>Refill unterst\u00fctzen<br>\n<br>\n<\/li><\/ul>\n\n\n\n<p>S <\/p>\n\n\n\n<ul class=\"wp-block-list\"><li>Senioren (noch mehr Teilhabe und Einbindung in das\ngemeindliche Leben)<\/li><li>Stra\u00dfenr\u00fcckbau <\/li><li>Stra\u00dfensanierungen <\/li><li>saubere Gemeinde durch B\u00fcrger-Aktionen <\/li><li>Schulstandort f\u00fcr alle Schulen sichern und gut\nausstatten<\/li><li>Schulsozialarbeit f\u00f6rdern<\/li><li>Neue Sportst\u00e4tten unterst\u00fctzen und begleiten <\/li><li>Schulen sichern, Spielpl\u00e4tze verbessern <\/li><li>Sozialkaufladen, Trinkhalle oder B\u00e4ckerei (Opherdicke)\nschaffen<\/li><\/ul>\n\n\n\n<p><br>\nT<\/p>\n\n\n\n<ul class=\"wp-block-list\"><li>Teilhabe an der Gesellschaft sichern<\/li><li>Tradition und Traditionsvereine bewahren<\/li><li>Tempo 30-Zonen ausweiten<\/li><li>Tierschutz und Tierwohl unterst\u00fctzen<\/li><\/ul>\n\n\n\n<p><br>\nU <\/p>\n\n\n\n<ul class=\"wp-block-list\"><li>Umweltschutz als \u00fcbergeordnetes Ziel bewirken <\/li><li>\u00dcberpr\u00fcfung aller kommunalen Ma\u00dfnahmen auf Umweltvertr\u00e4glichkeit\nund Nachhaltigkeit<\/li><li>Unterf\u00fchrung in unserer Gemeinde in Richtung\nNordstra\u00dfe attraktiv gestalten <\/li><\/ul>\n\n\n\n<p>V <\/p>\n\n\n\n<ul class=\"wp-block-list\"><li>Verwaltung noch b\u00fcrgerfreundlicher gestalten<\/li><li>verantwortlicher Umgang mit Steuergeldern <\/li><li>gerechte Verkehrsf\u00fchrung ohne Ostumgehung durch Ausbau\nder Montanhydraulikstra\u00dfe <\/li><\/ul>\n\n\n\n<p>W <\/p>\n\n\n\n<ul class=\"wp-block-list\"><li>Wirtschaftsf\u00f6rderung und damit Sicherung von\nArbeitspl\u00e4tzen vor Ort (Zusammenarbeit mit Industrie- und Handelskammer sowie\nder Wirtschaftsf\u00f6rderung des Kreises)<\/li><li>sozialvertr\u00e4glicher Wohnungsbau <\/li><li>Bezahlbares Wohnen f\u00fcr junge Familien<\/li><\/ul>\n\n\n\n<p>X<\/p>\n\n\n\n<ul class=\"wp-block-list\"><li>X XL- Ideen haben wir noch in unseren K\u00f6pfen. Wir\nw\u00fcrden gerne ihre Ideen und W\u00fcnsche erfahren, sie mit Ihnen diskutieren und\nnat\u00fcrlich uns bem\u00fchen sie umzusetzen.<\/li><\/ul>\n\n\n\n<p>Y<\/p>\n\n\n\n<ul class=\"wp-block-list\"><li>Y- oder X-Chromosomenbelange werden bei uns umgesetzt.\nAuf unserer Liste zur Kommunalwahl stehen Frauen und M\u00e4nner in gleicher Anzahl\nund damit vergleichsweise viele Frauen.<\/li><\/ul>\n\n\n\n<p>Z <\/p>\n\n\n\n<ul class=\"wp-block-list\"><li>Zusammenhalt f\u00f6rdern <\/li><\/ul>\n\n\n\n<p><\/p>\n","protected":false},"excerpt":{"rendered":"<p>Unsere politischen Ziele \u2013 von A bis Z Von A bis Z \u2013 &nbsp;f\u00fcr die Menschen in unserer Gemeinde. Wir k\u00fcmmern uns um Ihre Themen! A Ausweitung der Schulsozialarbeit Ausweitung [&hellip;]<\/p>\n","protected":false},"author":2,"featured_media":0,"parent":93,"menu_order":0,"comment_status":"closed","ping_status":"closed","template":"","meta":{"footnotes":""},"class_list":["post-125","page","type-page","status-publish","hentry"],"_links":{"self":[{"href":"https:\/\/gruene-holzwickede.de\/index.php?rest_route=\/wp\/v2\/pages\/125","targetHints":{"allow":["GET"]}}],"collection":[{"href":"https:\/\/gruene-holzwickede.de\/index.php?rest_route=\/wp\/v2\/pages"}],"about":[{"href":"https:\/\/gruene-holzwickede.de\/index.php?rest_route=\/wp\/v2\/types\/page"}],"author":[{"embeddable":true,"href":"https:\/\/gruene-holzwickede.de\/index.php?rest_route=\/wp\/v2\/users\/2"}],"replies":[{"embeddable":true,"href":"https:\/\/gruene-holzwickede.de\/index.php?rest_route=%2Fwp%2Fv2%2Fcomments&post=125"}],"version-history":[{"count":3,"href":"https:\/\/gruene-holzwickede.de\/index.php?rest_route=\/wp\/v2\/pages\/125\/revisions"}],"predecessor-version":[{"id":873,"href":"https:\/\/gruene-holzwickede.de\/index.php?rest_route=\/wp\/v2\/pages\/125\/revisions\/873"}],"up":[{"embeddable":true,"href":"https:\/\/gruene-holzwickede.de\/index.php?rest_route=\/wp\/v2\/pages\/93"}],"wp:attachment":[{"href":"https:\/\/gruene-holzwickede.de\/index.php?rest_route=%2Fwp%2Fv2%2Fmedia&parent=125"}],"curies":[{"name":"wp","href":"https:\/\/api.w.org\/{rel}","templated":true}]}}