{"id":129,"date":"2018-12-12T14:11:01","date_gmt":"2018-12-12T13:11:01","guid":{"rendered":"http:\/\/test.gruene-holzwickede.de\/?page_id=129"},"modified":"2020-03-09T12:45:24","modified_gmt":"2020-03-09T11:45:24","slug":"bilder-und-berichte","status":"publish","type":"page","link":"https:\/\/gruene-holzwickede.de\/?page_id=129","title":{"rendered":"Bilder und Berichte"},"content":{"rendered":"\n<p>In dieser Kategorie berichten wir \u00fcber unsere zus\u00e4tzlichen Aktivit\u00e4ten in Holzwickede, die wir mit voller Leidenschaft aus\u00fcben. Bei allen Mitwirkenden bedanken wir uns f\u00fcr die tatkr\u00e4ftige Unterst\u00fctzung und freuen uns auch in Zukunft auf viele helfende H\u00e4nde, um unsere Gemeinde noch ein bisschen sch\u00f6ner und lebenswerter zu machen. <br><\/p>\n\n\n\n<figure class=\"wp-block-gallery columns-3 is-cropped wp-block-gallery-1 is-layout-flex wp-block-gallery-is-layout-flex\"><ul class=\"blocks-gallery-grid\"><li class=\"blocks-gallery-item\"><figure><img loading=\"lazy\" decoding=\"async\" width=\"800\" height=\"600\" src=\"https:\/\/gruene-holzwickede.de\/wp-content\/uploads\/2020\/03\/Ladies-Fashion-Markt-Foto-1-800x600.jpg\" alt=\"\" data-id=\"630\" data-full-url=\"https:\/\/gruene-holzwickede.de\/wp-content\/uploads\/2020\/03\/Ladies-Fashion-Markt-Foto-1-scaled.jpg\" data-link=\"https:\/\/gruene-holzwickede.de\/?attachment_id=630\" class=\"wp-image-630\" srcset=\"https:\/\/gruene-holzwickede.de\/wp-content\/uploads\/2020\/03\/Ladies-Fashion-Markt-Foto-1-800x600.jpg 800w, https:\/\/gruene-holzwickede.de\/wp-content\/uploads\/2020\/03\/Ladies-Fashion-Markt-Foto-1-400x300.jpg 400w, https:\/\/gruene-holzwickede.de\/wp-content\/uploads\/2020\/03\/Ladies-Fashion-Markt-Foto-1-768x576.jpg 768w, https:\/\/gruene-holzwickede.de\/wp-content\/uploads\/2020\/03\/Ladies-Fashion-Markt-Foto-1-1536x1152.jpg 1536w, https:\/\/gruene-holzwickede.de\/wp-content\/uploads\/2020\/03\/Ladies-Fashion-Markt-Foto-1-2048x1536.jpg 2048w, https:\/\/gruene-holzwickede.de\/wp-content\/uploads\/2020\/03\/Ladies-Fashion-Markt-Foto-1-150x113.jpg 150w\" sizes=\"auto, (max-width: 800px) 100vw, 800px\" \/><figcaption class=\"blocks-gallery-item__caption\"><a href=\"https:\/\/gruene-holzwickede.de\/?p=629\">Ladies Fashion Markt 2020 <\/a><\/figcaption><\/figure><\/li><li class=\"blocks-gallery-item\"><figure><img loading=\"lazy\" decoding=\"async\" width=\"800\" height=\"600\" src=\"https:\/\/gruene-holzwickede.de\/wp-content\/uploads\/2018\/06\/Plogging-800x600.jpg\" alt=\"\" data-id=\"45\" data-full-url=\"https:\/\/gruene-holzwickede.de\/wp-content\/uploads\/2018\/06\/Plogging.jpg\" data-link=\"https:\/\/gruene-holzwickede.de\/?attachment_id=45\" class=\"wp-image-45\" srcset=\"https:\/\/gruene-holzwickede.de\/wp-content\/uploads\/2018\/06\/Plogging-800x600.jpg 800w, https:\/\/gruene-holzwickede.de\/wp-content\/uploads\/2018\/06\/Plogging-400x300.jpg 400w, https:\/\/gruene-holzwickede.de\/wp-content\/uploads\/2018\/06\/Plogging-768x576.jpg 768w, https:\/\/gruene-holzwickede.de\/wp-content\/uploads\/2018\/06\/Plogging-150x113.jpg 150w, https:\/\/gruene-holzwickede.de\/wp-content\/uploads\/2018\/06\/Plogging.jpg 960w\" sizes=\"auto, (max-width: 800px) 100vw, 800px\" \/><figcaption class=\"blocks-gallery-item__caption\">Plogging in Holzwickede<\/figcaption><\/figure><\/li><li class=\"blocks-gallery-item\"><figure><img loading=\"lazy\" decoding=\"async\" width=\"800\" height=\"600\" src=\"https:\/\/gruene-holzwickede.de\/wp-content\/uploads\/2018\/06\/tunnelkunst-800x600.png\" alt=\"\" data-id=\"44\" data-full-url=\"https:\/\/gruene-holzwickede.de\/wp-content\/uploads\/2018\/06\/tunnelkunst.png\" data-link=\"https:\/\/gruene-holzwickede.de\/?attachment_id=44\" class=\"wp-image-44\" srcset=\"https:\/\/gruene-holzwickede.de\/wp-content\/uploads\/2018\/06\/tunnelkunst-800x600.png 800w, https:\/\/gruene-holzwickede.de\/wp-content\/uploads\/2018\/06\/tunnelkunst-400x300.png 400w, https:\/\/gruene-holzwickede.de\/wp-content\/uploads\/2018\/06\/tunnelkunst-768x576.png 768w, https:\/\/gruene-holzwickede.de\/wp-content\/uploads\/2018\/06\/tunnelkunst-150x113.png 150w, https:\/\/gruene-holzwickede.de\/wp-content\/uploads\/2018\/06\/tunnelkunst.png 960w\" sizes=\"auto, (max-width: 800px) 100vw, 800px\" \/><figcaption class=\"blocks-gallery-item__caption\">Reinigen der Tunnelkunst in Holzwickede<\/figcaption><\/figure><\/li><li class=\"blocks-gallery-item\"><figure><img loading=\"lazy\" decoding=\"async\" width=\"800\" height=\"600\" src=\"https:\/\/gruene-holzwickede.de\/wp-content\/uploads\/2018\/06\/stadradeln-800x600.png\" alt=\"\" data-id=\"43\" data-full-url=\"https:\/\/gruene-holzwickede.de\/wp-content\/uploads\/2018\/06\/stadradeln.png\" data-link=\"https:\/\/gruene-holzwickede.de\/?attachment_id=43\" class=\"wp-image-43\" srcset=\"https:\/\/gruene-holzwickede.de\/wp-content\/uploads\/2018\/06\/stadradeln-800x600.png 800w, https:\/\/gruene-holzwickede.de\/wp-content\/uploads\/2018\/06\/stadradeln-400x300.png 400w, https:\/\/gruene-holzwickede.de\/wp-content\/uploads\/2018\/06\/stadradeln-768x576.png 768w, https:\/\/gruene-holzwickede.de\/wp-content\/uploads\/2018\/06\/stadradeln-150x113.png 150w, https:\/\/gruene-holzwickede.de\/wp-content\/uploads\/2018\/06\/stadradeln.png 960w\" sizes=\"auto, (max-width: 800px) 100vw, 800px\" \/><figcaption class=\"blocks-gallery-item__caption\">B\u00dcNDNIS90\/DIE GR\u00dcNEN beim Stadtradeln<\/figcaption><\/figure><\/li><\/ul><\/figure>\n","protected":false},"excerpt":{"rendered":"<p>In dieser Kategorie berichten wir \u00fcber unsere zus\u00e4tzlichen Aktivit\u00e4ten in Holzwickede, die wir mit voller Leidenschaft aus\u00fcben. Bei allen Mitwirkenden bedanken wir uns f\u00fcr die tatkr\u00e4ftige Unterst\u00fctzung und freuen uns [&hellip;]<\/p>\n","protected":false},"author":2,"featured_media":0,"parent":97,"menu_order":0,"comment_status":"closed","ping_status":"closed","template":"","meta":{"footnotes":""},"class_list":["post-129","page","type-page","status-publish","hentry"],"_links":{"self":[{"href":"https:\/\/gruene-holzwickede.de\/index.php?rest_route=\/wp\/v2\/pages\/129","targetHints":{"allow":["GET"]}}],"collection":[{"href":"https:\/\/gruene-holzwickede.de\/index.php?rest_route=\/wp\/v2\/pages"}],"about":[{"href":"https:\/\/gruene-holzwickede.de\/index.php?rest_route=\/wp\/v2\/types\/page"}],"author":[{"embeddable":true,"href":"https:\/\/gruene-holzwickede.de\/index.php?rest_route=\/wp\/v2\/users\/2"}],"replies":[{"embeddable":true,"href":"https:\/\/gruene-holzwickede.de\/index.php?rest_route=%2Fwp%2Fv2%2Fcomments&post=129"}],"version-history":[{"count":8,"href":"https:\/\/gruene-holzwickede.de\/index.php?rest_route=\/wp\/v2\/pages\/129\/revisions"}],"predecessor-version":[{"id":633,"href":"https:\/\/gruene-holzwickede.de\/index.php?rest_route=\/wp\/v2\/pages\/129\/revisions\/633"}],"up":[{"embeddable":true,"href":"https:\/\/gruene-holzwickede.de\/index.php?rest_route=\/wp\/v2\/pages\/97"}],"wp:attachment":[{"href":"https:\/\/gruene-holzwickede.de\/index.php?rest_route=%2Fwp%2Fv2%2Fmedia&parent=129"}],"curies":[{"name":"wp","href":"https:\/\/api.w.org\/{rel}","templated":true}]}}