{"id":584,"date":"2020-01-29T11:28:13","date_gmt":"2020-01-29T10:28:13","guid":{"rendered":"http:\/\/gruene-holzwickede.de\/?page_id=584"},"modified":"2022-03-05T14:45:30","modified_gmt":"2022-03-05T13:45:30","slug":"mach-dich-fuer-eine-zukunftsorientierte-politik-in-holzwickede-stark","status":"publish","type":"page","link":"https:\/\/gruene-holzwickede.de\/?page_id=584","title":{"rendered":"Politik aktiv gestalten"},"content":{"rendered":"\n<h2 class=\"wp-block-heading\">Mach Dich f\u00fcr eine zukunftsorientierte Politik in Holzwickede stark!<\/h2>\n\n\n\n<p><strong>Global denken, vor Ort aktiv werden! <\/strong><br>In unserer Gemeinde werden Entscheidungen getroffen, die Deinen Alltag ganz direkt beeinflussen: Gibt es gen\u00fcgend Kindergartenpl\u00e4tze, funktioniert die Ganztagsbetreuung an der Schule? Kommt der Strom aus dem Kohlekraftwerk oder aus dezentralen erneuerbaren Energien? Werden Radverkehr und \u00f6ffentliche Verkehrsmittel gef\u00f6rdert oder noch mehr Stra\u00dfen gebaut? <br><\/p>\n\n\n\n<p><strong>Du kannst deinen Wohnort entscheidend mitgestalten.<\/strong> <br>Wir laden Dich ein, diesen Schritt mit uns zu tun! Gemeinsam ver\u00e4ndern wir nicht nur unsere Gemeinde, sondern auch ein klein wenig das Gesicht der Welt \u2013 damit sie f\u00fcr uns, unsere Kinder und Enkelkinder noch lebenswerter wird. Einmischen lohnt sich, denn: Ver\u00e4nderungen im Kleinen k\u00f6nnen Gro\u00dfes bewirken. <br><\/p>\n\n\n\n<p><strong>Wie funktioniert eigentlich Kommunalpolitik? <\/strong><br>Wir wollen es nicht verharmlosen: Ja, ein Amt im Gemeinderat oder im Kreistag erfordert Zeit und Engagement. Damit Du wei\u00dft, wof\u00fcr oder wogegen Du im Rat und in Aussch\u00fcssen die Hand hebst, bedarf es der Vorbereitung: Antr\u00e4ge und Sitzungsvorlagen lesen, Dich im Gespr\u00e4ch mit anderen Fraktionsmitgliedern schlau machen und \u00fcber Ausschussvorlagen  diskutieren \u2013 nat\u00fcrlich ist das Arbeit. Aber daf\u00fcr bekommst Du auch viel zur\u00fcck: Du lernst die Akteure in Deiner Umgebung kennen, sammelst jede Menge Fachwissen und kannst daf\u00fcr sorgen, dass Dein Zuhause ein besserer Ort f\u00fcr alle wird. <\/p>\n\n\n\n<p>Und: Du bist dabei nicht allein! <strong>Die erfahrenen Kolleg*innen stehen Dir mit Rat und Tat zur Seite<em>.<\/em><\/strong><em> <\/em>Au\u00dferdem kannst Du auf die Unterst\u00fctzung und Bildungsangebote unserer gr\u00fcnen kommunalpolitischen Vereinigung, der Gr\u00fcne\/Alternative in den R\u00e4ten NRW e.V., z\u00e4hlen. F\u00fcr Dein Engagement bekommst Du in der Regel eine Aufwandsentsch\u00e4digung und\/oder auch ein Sitzungsgeld von der Gemeinde. <em> <\/em><\/p>\n\n\n\n<p><strong>Wie werde ich Kommunalpolitiker*in?<\/strong> <br>Vor den Kommunalwahlen stellen die Parteien und Gruppierungen Listen mit Kandidat<em>*<\/em>innen auf<em>. <\/em><strong>Um f\u00fcr einen Platz auf einer gr\u00fcnen Liste zu kandidieren, solltest du gr\u00fcner Politik nahestehen, Du musst aber kein Parteimitglied sein.<\/strong> Die Gr\u00fcnen in NRW bieten den Kandidatinnen und sp\u00e4ter den neu gew\u00e4hlten Fraktionsmitgliedern jede Menge Hilfe und Unterst\u00fctzung an, von kommunalpolitischer und rechtlicher Beratung bis hin zu Seminaren. Eine gute Anlaufstelle sind die Gr\u00fcnen im Ortsverband Holzwickede. <br><br>Nach der Listenaufstellung ist erst einmal Wahlkampf. Die n\u00e4chste Kommunalwahl in NRWs Kreisen, St\u00e4dten und Gemeinden findet im Herbst 2025 statt. Und wenn Du Gl\u00fcck hast, bist Du bald darauf ein Teil unserer Fraktion. <\/p>\n\n\n\n<p><strong>Hast du Fragen? Dann melde Dich bei uns: <\/strong><br>B\u00dcNDNIS 90\/DIE GR\u00dcNEN OV Holzwickede <\/p>\n\n\n\n<p>Ulrike D\u00fcrholt &nbsp; &nbsp; <br>Melchiorstr. 4 &nbsp; &nbsp; <br>59439 Holzwickede <br>Tel.: 02301-14269 <br>M.: 0160-90341236 <br>Mail: ulrike@howi-town.de &nbsp;<\/p>\n\n\n\n<p><\/p>\n","protected":false},"excerpt":{"rendered":"<p>Mach Dich f\u00fcr eine zukunftsorientierte Politik in Holzwickede stark! Global denken, vor Ort aktiv werden! In unserer Gemeinde werden Entscheidungen getroffen, die Deinen Alltag ganz direkt beeinflussen: Gibt es gen\u00fcgend [&hellip;]<\/p>\n","protected":false},"author":2,"featured_media":0,"parent":95,"menu_order":0,"comment_status":"closed","ping_status":"closed","template":"","meta":{"footnotes":""},"class_list":["post-584","page","type-page","status-publish","hentry"],"_links":{"self":[{"href":"https:\/\/gruene-holzwickede.de\/index.php?rest_route=\/wp\/v2\/pages\/584","targetHints":{"allow":["GET"]}}],"collection":[{"href":"https:\/\/gruene-holzwickede.de\/index.php?rest_route=\/wp\/v2\/pages"}],"about":[{"href":"https:\/\/gruene-holzwickede.de\/index.php?rest_route=\/wp\/v2\/types\/page"}],"author":[{"embeddable":true,"href":"https:\/\/gruene-holzwickede.de\/index.php?rest_route=\/wp\/v2\/users\/2"}],"replies":[{"embeddable":true,"href":"https:\/\/gruene-holzwickede.de\/index.php?rest_route=%2Fwp%2Fv2%2Fcomments&post=584"}],"version-history":[{"count":8,"href":"https:\/\/gruene-holzwickede.de\/index.php?rest_route=\/wp\/v2\/pages\/584\/revisions"}],"predecessor-version":[{"id":1247,"href":"https:\/\/gruene-holzwickede.de\/index.php?rest_route=\/wp\/v2\/pages\/584\/revisions\/1247"}],"up":[{"embeddable":true,"href":"https:\/\/gruene-holzwickede.de\/index.php?rest_route=\/wp\/v2\/pages\/95"}],"wp:attachment":[{"href":"https:\/\/gruene-holzwickede.de\/index.php?rest_route=%2Fwp%2Fv2%2Fmedia&parent=584"}],"curies":[{"name":"wp","href":"https:\/\/api.w.org\/{rel}","templated":true}]}}