{"id":88,"date":"2018-11-26T15:43:19","date_gmt":"2018-11-26T14:43:19","guid":{"rendered":"http:\/\/test.gruene-holzwickede.de\/?page_id=88"},"modified":"2018-12-18T17:10:24","modified_gmt":"2018-12-18T16:10:24","slug":"rechtliches","status":"publish","type":"page","link":"https:\/\/gruene-holzwickede.de\/?page_id=88","title":{"rendered":"Rechtliches"},"content":{"rendered":"\n<p>Hier gelangen Sie direkt zum <a href=\"http:\/\/test.gruene-holzwickede.de\/?page_id=90\">Impressum <\/a>und zu unserer <a href=\"http:\/\/test.gruene-holzwickede.de\/?page_id=85\">Datenschutzerkl\u00e4rung<\/a>. Zudem gew\u00e4hren wir Ihnen gerne einen Einblick in unsere <a href=\"http:\/\/test.gruene-holzwickede.de\/?page_id=190\">Satzung <\/a>sowie die <a href=\"http:\/\/test.gruene-holzwickede.de\/?page_id=190\">Beitrags- und Kassenordnung<\/a>. M\u00f6chten Sie <a href=\"http:\/\/test.gruene-holzwickede.de\/?page_id=100\">Mitglied <\/a>im B\u00dcNDNIS90\/DIE GR\u00dcNEN Ortsverband Holzwickede werden oder uns auf anderem Wege unterst\u00fctzen, erfahren Sie <a href=\"http:\/\/test.gruene-holzwickede.de\/?page_id=100\">hier <\/a>mehr.<\/p>\n\n\n\n<p><br><\/p>\n","protected":false},"excerpt":{"rendered":"<p>Hier gelangen Sie direkt zum Impressum und zu unserer Datenschutzerkl\u00e4rung. Zudem gew\u00e4hren wir Ihnen gerne einen Einblick in unsere Satzung sowie die Beitrags- und Kassenordnung. M\u00f6chten Sie Mitglied im B\u00dcNDNIS90\/DIE [&hellip;]<\/p>\n","protected":false},"author":2,"featured_media":0,"parent":0,"menu_order":5,"comment_status":"closed","ping_status":"closed","template":"","meta":{"footnotes":""},"class_list":["post-88","page","type-page","status-publish","hentry"],"_links":{"self":[{"href":"https:\/\/gruene-holzwickede.de\/index.php?rest_route=\/wp\/v2\/pages\/88","targetHints":{"allow":["GET"]}}],"collection":[{"href":"https:\/\/gruene-holzwickede.de\/index.php?rest_route=\/wp\/v2\/pages"}],"about":[{"href":"https:\/\/gruene-holzwickede.de\/index.php?rest_route=\/wp\/v2\/types\/page"}],"author":[{"embeddable":true,"href":"https:\/\/gruene-holzwickede.de\/index.php?rest_route=\/wp\/v2\/users\/2"}],"replies":[{"embeddable":true,"href":"https:\/\/gruene-holzwickede.de\/index.php?rest_route=%2Fwp%2Fv2%2Fcomments&post=88"}],"version-history":[{"count":4,"href":"https:\/\/gruene-holzwickede.de\/index.php?rest_route=\/wp\/v2\/pages\/88\/revisions"}],"predecessor-version":[{"id":196,"href":"https:\/\/gruene-holzwickede.de\/index.php?rest_route=\/wp\/v2\/pages\/88\/revisions\/196"}],"wp:attachment":[{"href":"https:\/\/gruene-holzwickede.de\/index.php?rest_route=%2Fwp%2Fv2%2Fmedia&parent=88"}],"curies":[{"name":"wp","href":"https:\/\/api.w.org\/{rel}","templated":true}]}}