{"id":90,"date":"2018-11-26T15:45:25","date_gmt":"2018-11-26T14:45:25","guid":{"rendered":"http:\/\/test.gruene-holzwickede.de\/?page_id=90"},"modified":"2021-04-28T10:45:55","modified_gmt":"2021-04-28T08:45:55","slug":"impressum","status":"publish","type":"page","link":"https:\/\/gruene-holzwickede.de\/?page_id=90","title":{"rendered":"Impressum"},"content":{"rendered":"<p>B\u00fcndnis 90\/DIE GR\u00dcNEN<br \/>Ortsverband Holzwickede<br \/>Deutschland<\/p>\n<p><strong>Vertreten durch<br \/><\/strong>Ulrike D\u00fcrholt<\/p>\n<p><strong>Kontakt<br \/><\/strong>Melchiorstr. 4<br \/>59439 Holzwickede<br \/>Tel.: 02301 &#8211; 14 269<br \/>M: 160 &#8211; 90 34 12 36<br \/><a href=\"#\" data-unscramble=\"ed.nwot-iwoh@ekirlu\">ulrike@howi-town.de<\/a><\/p>\n<p><a class=\"moz-txt-link-abbreviated\" href=\"#\" data-unscramble=\"ed.bew@leppa.h.d\" target=\"_blank\" rel=\"noopener noreferrer\"><!-- \/wp:post-content --><\/a><\/p>\n<p>Haftungshinweis: Trotz sorgf\u00e4ltiger inhaltlicher Kontrolle \u00fcbernehmen wir keine Haftung f\u00fcr die Inhalte externer Links. F\u00fcr den Inhalt der verlinkten Seiten sind ausschlie\u00dflich deren Betreiber verantwortlich.<\/p>\n\n<!-- wp:paragraph -->\n<p><\/p>\n<!-- \/wp:paragraph -->","protected":false},"excerpt":{"rendered":"<p>B\u00fcndnis 90\/DIE GR\u00dcNENOrtsverband HolzwickedeDeutschland Vertreten durchUlrike D\u00fcrholt KontaktMelchiorstr. 459439 HolzwickedeTel.: 02301 &#8211; 14 269M: 160 &#8211; 90 34 12 36ulrike@howi-town.de Haftungshinweis: Trotz sorgf\u00e4ltiger inhaltlicher Kontrolle \u00fcbernehmen wir keine Haftung f\u00fcr [&hellip;]<\/p>\n","protected":false},"author":2,"featured_media":0,"parent":88,"menu_order":0,"comment_status":"closed","ping_status":"closed","template":"","meta":{"footnotes":""},"class_list":["post-90","page","type-page","status-publish","hentry"],"_links":{"self":[{"href":"https:\/\/gruene-holzwickede.de\/index.php?rest_route=\/wp\/v2\/pages\/90","targetHints":{"allow":["GET"]}}],"collection":[{"href":"https:\/\/gruene-holzwickede.de\/index.php?rest_route=\/wp\/v2\/pages"}],"about":[{"href":"https:\/\/gruene-holzwickede.de\/index.php?rest_route=\/wp\/v2\/types\/page"}],"author":[{"embeddable":true,"href":"https:\/\/gruene-holzwickede.de\/index.php?rest_route=\/wp\/v2\/users\/2"}],"replies":[{"embeddable":true,"href":"https:\/\/gruene-holzwickede.de\/index.php?rest_route=%2Fwp%2Fv2%2Fcomments&post=90"}],"version-history":[{"count":7,"href":"https:\/\/gruene-holzwickede.de\/index.php?rest_route=\/wp\/v2\/pages\/90\/revisions"}],"predecessor-version":[{"id":1129,"href":"https:\/\/gruene-holzwickede.de\/index.php?rest_route=\/wp\/v2\/pages\/90\/revisions\/1129"}],"up":[{"embeddable":true,"href":"https:\/\/gruene-holzwickede.de\/index.php?rest_route=\/wp\/v2\/pages\/88"}],"wp:attachment":[{"href":"https:\/\/gruene-holzwickede.de\/index.php?rest_route=%2Fwp%2Fv2%2Fmedia&parent=90"}],"curies":[{"name":"wp","href":"https:\/\/api.w.org\/{rel}","templated":true}]}}