{"id":93,"date":"2018-11-26T15:55:19","date_gmt":"2018-11-26T14:55:19","guid":{"rendered":"http:\/\/test.gruene-holzwickede.de\/?page_id=93"},"modified":"2018-12-18T16:20:02","modified_gmt":"2018-12-18T15:20:02","slug":"buergernahe-ratspolitik","status":"publish","type":"page","link":"https:\/\/gruene-holzwickede.de\/?page_id=93","title":{"rendered":"B\u00fcrgernahe Ratspolitik"},"content":{"rendered":"\n<p>Gewiss ist Politikverdrossenheit ein Ph\u00e4nomen der heutigen Zeit, das sich die Politik zum gr\u00f6\u00dften Teil aber selbst zuzuschreiben hat. Daher liegt unserem B\u00dcNDNIS90\/DIE GR\u00dcNEN Ortsverband Holzwickede die B\u00fcrgern\u00e4he besonders am Herzen, die wir auch \u00fcber die Nutzung moderner Medien zum Ausdruck bringen. Wir halten Sie stets auf dem Laufenden und geben Ihnen Einblicke in unsere Politik, mit der wir Holzwickede gemeinsam voranbringen. Dazu geh\u00f6rt auch der offene Dialog, den wir gerne mit Ihnen f\u00fchren. F\u00fcr eine h\u00f6chstm\u00f6gliche Transparanz geben wir in dieser Rubrik Informationen an Sie weiter, welche politischen Standpunkte wir vertreten und in welchen F\u00e4llen wir Kompromisse eingehen.<br><\/p>\n\n\n\n<p><br><\/p>\n","protected":false},"excerpt":{"rendered":"<p>Gewiss ist Politikverdrossenheit ein Ph\u00e4nomen der heutigen Zeit, das sich die Politik zum gr\u00f6\u00dften Teil aber selbst zuzuschreiben hat. Daher liegt unserem B\u00dcNDNIS90\/DIE GR\u00dcNEN Ortsverband Holzwickede die B\u00fcrgern\u00e4he besonders am [&hellip;]<\/p>\n","protected":false},"author":2,"featured_media":0,"parent":0,"menu_order":3,"comment_status":"closed","ping_status":"closed","template":"","meta":{"footnotes":""},"class_list":["post-93","page","type-page","status-publish","hentry"],"_links":{"self":[{"href":"https:\/\/gruene-holzwickede.de\/index.php?rest_route=\/wp\/v2\/pages\/93","targetHints":{"allow":["GET"]}}],"collection":[{"href":"https:\/\/gruene-holzwickede.de\/index.php?rest_route=\/wp\/v2\/pages"}],"about":[{"href":"https:\/\/gruene-holzwickede.de\/index.php?rest_route=\/wp\/v2\/types\/page"}],"author":[{"embeddable":true,"href":"https:\/\/gruene-holzwickede.de\/index.php?rest_route=\/wp\/v2\/users\/2"}],"replies":[{"embeddable":true,"href":"https:\/\/gruene-holzwickede.de\/index.php?rest_route=%2Fwp%2Fv2%2Fcomments&post=93"}],"version-history":[{"count":5,"href":"https:\/\/gruene-holzwickede.de\/index.php?rest_route=\/wp\/v2\/pages\/93\/revisions"}],"predecessor-version":[{"id":178,"href":"https:\/\/gruene-holzwickede.de\/index.php?rest_route=\/wp\/v2\/pages\/93\/revisions\/178"}],"wp:attachment":[{"href":"https:\/\/gruene-holzwickede.de\/index.php?rest_route=%2Fwp%2Fv2%2Fmedia&parent=93"}],"curies":[{"name":"wp","href":"https:\/\/api.w.org\/{rel}","templated":true}]}}